{"id":1227,"date":"2022-11-14T21:09:47","date_gmt":"2022-11-14T21:09:47","guid":{"rendered":"http:\/\/draciusvit.cz\/?page_id=1227"},"modified":"2024-05-30T07:25:32","modified_gmt":"2024-05-30T07:25:32","slug":"krouzek-sermu","status":"publish","type":"page","link":"https:\/\/draciusvit.cz\/?page_id=1227","title":{"rendered":"Krou\u017eek \u0161ermu"},"content":{"rendered":"\n<p class=\"has-medium-font-size\">Ve spolupr\u00e1ci se SV\u010c Hodon\u00edn nab\u00edz\u00edme d\u011btem od 10 let krou\u017eek historick\u00e9ho \u0161ermu, na kter\u00e9m spole\u010dn\u011b tr\u00e9nujeme svou fyzi\u010dku, u\u010d\u00edme se z\u00e1klad\u016fm \u0161ermu, dramatiky a sc\u00e9nick\u00e9ho vystupov\u00e1n\u00ed, tr\u00e9nujeme post\u0159eh a sebeobranu, st\u0159\u00edl\u00edme z luku a ku\u0161e, \u0161ijeme kost\u00fdmy a mnoho dal\u0161\u00edho.<\/p>\n\n\n\n<figure class=\"wp-block-gallery has-nested-images columns-default is-cropped wp-block-gallery-1 is-layout-flex\">\n<figure class=\"wp-block-image size-large\"><a href=\"http:\/\/draciusvit.cz\/wp-content\/uploads\/2022\/11\/54517583_1791233437643014_7140663277431816192_n.jpg\"><img decoding=\"async\" loading=\"lazy\" width=\"1024\" height=\"683\" data-id=\"1235\"  src=\"http:\/\/draciusvit.cz\/wp-content\/uploads\/2022\/11\/54517583_1791233437643014_7140663277431816192_n-1024x683.jpg\" alt=\"\" class=\"wp-image-1235\" srcset=\"https:\/\/draciusvit.cz\/wp-content\/uploads\/2022\/11\/54517583_1791233437643014_7140663277431816192_n-1024x683.jpg 1024w, https:\/\/draciusvit.cz\/wp-content\/uploads\/2022\/11\/54517583_1791233437643014_7140663277431816192_n-300x200.jpg 300w, https:\/\/draciusvit.cz\/wp-content\/uploads\/2022\/11\/54517583_1791233437643014_7140663277431816192_n-768x512.jpg 768w, https:\/\/draciusvit.cz\/wp-content\/uploads\/2022\/11\/54517583_1791233437643014_7140663277431816192_n-1536x1024.jpg 1536w, https:\/\/draciusvit.cz\/wp-content\/uploads\/2022\/11\/54517583_1791233437643014_7140663277431816192_n.jpg 2048w\" sizes=\"(max-width: 1024px) 100vw, 1024px\" \/><\/a><\/figure>\n\n\n\n<figure class=\"wp-block-image size-large\"><a href=\"http:\/\/draciusvit.cz\/wp-content\/uploads\/2022\/11\/27710166_1294053040694392_2951202075930286390_o.jpg\"><img decoding=\"async\" loading=\"lazy\" width=\"1024\" height=\"683\" data-id=\"1233\"  src=\"http:\/\/draciusvit.cz\/wp-content\/uploads\/2022\/11\/27710166_1294053040694392_2951202075930286390_o-1024x683.jpg\" alt=\"\" class=\"wp-image-1233\" srcset=\"https:\/\/draciusvit.cz\/wp-content\/uploads\/2022\/11\/27710166_1294053040694392_2951202075930286390_o-1024x683.jpg 1024w, https:\/\/draciusvit.cz\/wp-content\/uploads\/2022\/11\/27710166_1294053040694392_2951202075930286390_o-300x200.jpg 300w, https:\/\/draciusvit.cz\/wp-content\/uploads\/2022\/11\/27710166_1294053040694392_2951202075930286390_o-768x512.jpg 768w, https:\/\/draciusvit.cz\/wp-content\/uploads\/2022\/11\/27710166_1294053040694392_2951202075930286390_o-1536x1024.jpg 1536w, https:\/\/draciusvit.cz\/wp-content\/uploads\/2022\/11\/27710166_1294053040694392_2951202075930286390_o.jpg 2048w\" sizes=\"(max-width: 1024px) 100vw, 1024px\" \/><\/a><\/figure>\n\n\n\n<figure class=\"wp-block-image size-large\"><a href=\"http:\/\/draciusvit.cz\/wp-content\/uploads\/2022\/11\/53794448_1791233804309644_5106685066625417216_n.jpg\"><img decoding=\"async\" loading=\"lazy\" width=\"1024\" height=\"683\" data-id=\"1234\"  src=\"http:\/\/draciusvit.cz\/wp-content\/uploads\/2022\/11\/53794448_1791233804309644_5106685066625417216_n-1024x683.jpg\" alt=\"\" class=\"wp-image-1234\" srcset=\"https:\/\/draciusvit.cz\/wp-content\/uploads\/2022\/11\/53794448_1791233804309644_5106685066625417216_n-1024x683.jpg 1024w, https:\/\/draciusvit.cz\/wp-content\/uploads\/2022\/11\/53794448_1791233804309644_5106685066625417216_n-300x200.jpg 300w, https:\/\/draciusvit.cz\/wp-content\/uploads\/2022\/11\/53794448_1791233804309644_5106685066625417216_n-768x512.jpg 768w, https:\/\/draciusvit.cz\/wp-content\/uploads\/2022\/11\/53794448_1791233804309644_5106685066625417216_n-1536x1024.jpg 1536w, https:\/\/draciusvit.cz\/wp-content\/uploads\/2022\/11\/53794448_1791233804309644_5106685066625417216_n.jpg 2048w\" sizes=\"(max-width: 1024px) 100vw, 1024px\" \/><\/a><\/figure>\n<\/figure>\n\n\n\n<p class=\"has-medium-font-size\">P\u0159ij\u00edt si zatr\u00e9novat, nebo se pouze pod\u00edvat m\u016f\u017eete ka\u017edou st\u0159edu od 16.00 do 17.30 do t\u011blocvi\u010dny na SV\u010c Hodon\u00edn.<\/p>\n","protected":false},"excerpt":{"rendered":"<p>Ve spolupr\u00e1ci se SV\u010c Hodon\u00edn nab\u00edz\u00edme d\u011btem od 10 let krou\u017eek historick\u00e9ho \u0161ermu, na kter\u00e9m spole\u010dn\u011b tr\u00e9nujeme svou fyzi\u010dku, u\u010d\u00edme se z\u00e1klad\u016fm \u0161ermu, dramatiky a sc\u00e9nick\u00e9ho vystupov\u00e1n\u00ed, tr\u00e9nujeme post\u0159eh a sebeobranu, st\u0159\u00edl\u00edme z luku a ku\u0161e, \u0161ijeme kost\u00fdmy a mnoho dal\u0161\u00edho. P\u0159ij\u00edt si zatr\u00e9novat, nebo se pouze pod\u00edvat m\u016f\u017eete ka\u017edou st\u0159edu od 16.00 do 17.30<a class=\"rmore\" href=\"https:\/\/draciusvit.cz\/?page_id=1227\">&nbsp;&nbsp; Pokra\u010dovat &#8230;<\/a><\/p>\n","protected":false},"author":4,"featured_media":0,"parent":0,"menu_order":0,"comment_status":"closed","ping_status":"closed","template":"","meta":{"ngg_post_thumbnail":0},"_links":{"self":[{"href":"https:\/\/draciusvit.cz\/index.php?rest_route=\/wp\/v2\/pages\/1227"}],"collection":[{"href":"https:\/\/draciusvit.cz\/index.php?rest_route=\/wp\/v2\/pages"}],"about":[{"href":"https:\/\/draciusvit.cz\/index.php?rest_route=\/wp\/v2\/types\/page"}],"author":[{"embeddable":true,"href":"https:\/\/draciusvit.cz\/index.php?rest_route=\/wp\/v2\/users\/4"}],"replies":[{"embeddable":true,"href":"https:\/\/draciusvit.cz\/index.php?rest_route=%2Fwp%2Fv2%2Fcomments&post=1227"}],"version-history":[{"count":6,"href":"https:\/\/draciusvit.cz\/index.php?rest_route=\/wp\/v2\/pages\/1227\/revisions"}],"predecessor-version":[{"id":1270,"href":"https:\/\/draciusvit.cz\/index.php?rest_route=\/wp\/v2\/pages\/1227\/revisions\/1270"}],"wp:attachment":[{"href":"https:\/\/draciusvit.cz\/index.php?rest_route=%2Fwp%2Fv2%2Fmedia&parent=1227"}],"curies":[{"name":"wp","href":"https:\/\/api.w.org\/{rel}","templated":true}]}}