{"id":1280,"date":"2025-10-24T07:19:30","date_gmt":"2025-10-24T07:19:30","guid":{"rendered":"https:\/\/draciusvit.cz\/?page_id=1280"},"modified":"2025-10-24T10:27:35","modified_gmt":"2025-10-24T10:27:35","slug":"artus-a-svaty-gral","status":"publish","type":"page","link":"https:\/\/draciusvit.cz\/?page_id=1280","title":{"rendered":"Artu\u0161 a Svat\u00fd gr\u00e1l"},"content":{"rendered":"\n<h2 class=\"wp-block-heading\">Z D\u016eVODU N\u00c1HL\u00c9 NEFUNK\u010cNOSTI STR\u00c1NEK BITVY JSOU INFORMACE P\u0158ESUNUTY ZDE<\/h2>\n\n\n\n<p><\/p>\n\n\n\n<h3 class=\"wp-block-heading\" id=\"wnd_TextBlock_556032501_inner_2\">Artu\u0161 a Svat\u00fd gr\u00e1l je men\u0161\u00ed, jednodenn\u00ed fantasy bitva m\u00edrn\u00e9ho pochodov\u00e9ho charakteru.<\/h3>\n\n\n\n<p id=\"wnd_TextBlock_556032501_inner_3\">Akce je t\u00e9m\u011b\u0159 nen\u00e1ro\u010dn\u00e1, vhodn\u00e1 pro nov\u00e1\u010dky v d\u0159ev\u00e1rn\u00e1ch, a to po hern\u00ed, v\u011bkov\u00e9 i kost\u00fdmov\u00e9 str\u00e1nce. Budeme r\u00e1di, kdy\u017e se bitvy z\u00fa\u010dastn\u00ed nejen nov\u00e1\u010dci ale i pokro\u010dil\u00ed a zku\u0161en\u00ed hr\u00e1\u010di, kte\u0159\u00ed by nov\u00e1\u010dk\u016fm pomohli se zorientovat na bitevn\u00edm poli i mimo n\u011bj.<\/p>\n\n\n\n<p id=\"wnd_TextBlock_556032501_inner_4\">Bitva je m\u00edrn\u011b pochodov\u00e9ho r\u00e1zu v lesnat\u00e9m a kopcovit\u00e9m ter\u00e9nu, tak\u017ee pros\u00edm sv\u016fj kost\u00fdm p\u0159izp\u016fsobte t\u00e9to skute\u010dnosti.<\/p>\n\n\n\n<p id=\"wnd_TextBlock_556032501_inner_5\">Douf\u00e1me, \u017ee pokro\u010dil\u00ed hr\u00e1\u010di budou respektovat nezku\u0161enost nov\u00e1\u010dk\u016f a sv\u00e9 r\u00e1ny i projevy zm\u00edrn\u00ed.<\/p>\n\n\n\n<div class=\"wp-block-columns is-layout-flex wp-container-3\">\n<div class=\"wp-block-column is-layout-flow\">\n<h2 class=\"wp-block-heading\" id=\"wnd_TextBlock_254418_inner_0\">M\u00edsto kon\u00e1n\u00ed<\/h2>\n\n\n\n<p id=\"wnd_TextBlock_254418_inner_1\">V\u0159esovice u Kyjova, z\u00e1kladna TOM Bu\u010dovice&nbsp; &nbsp; &nbsp; &nbsp; &nbsp;<\/p>\n\n\n\n<p id=\"wnd_TextBlock_254418_inner_2\">Mapa<strong>&nbsp;<\/strong><a href=\"https:\/\/g.co\/kgs\/ihXAYQ\" target=\"_blank\" rel=\"noreferrer noopener\">ZDE<\/a><strong>&nbsp;,<br><\/strong>cesta z autobusov\u00e9 zast\u00e1vky<strong>&nbsp;<a href=\"https:\/\/mapy.cz\/s\/2SFbU\" target=\"_blank\" rel=\"noreferrer noopener\">ZDE<\/a><\/strong>&nbsp;<\/p>\n<\/div>\n\n\n\n<div class=\"wp-block-column is-layout-flow\">\n<h2 class=\"wp-block-heading\" id=\"wnd_TextBlock_74100_inner_0\">Ceny<\/h2>\n\n\n\n<p id=\"wnd_TextBlock_74100_inner_1\">Registra\u010dka: 250,-<\/p>\n\n\n\n<p id=\"wnd_TextBlock_74100_inner_2\">Ubytov\u00e1n\u00ed: 250,-<\/p>\n<\/div>\n<\/div>\n\n\n\n<h2 class=\"wp-block-heading\" id=\"wnd_TextBlock_706357_inner_0\">Datum akce<\/h2>\n\n\n\n<h1 class=\"wp-block-heading\" id=\"wnd_TextBlock_706357_inner_1\">1. 11. 2025<\/h1>\n\n\n\n<h1 class=\"wp-block-heading\" id=\"wnd_TextBlock_596627_inner_0\">Registrace<\/h1>\n\n\n\n<p id=\"wnd_TextBlock_596627_inner_1\">Vypl\u0148te pros\u00edm tabulku po\u017eadovan\u00e9 strany. Nejpozd\u011bji do 5 dn\u016f v\u00e1m p\u0159\u00edjde email o p\u0159ijet\u00ed registrace. V p\u0159\u00edpad\u011b probl\u00e9mu nebo zru\u0161en\u00ed registrace pros\u00edm pi\u0161t\u011b na draciusvit@gmaul.com<\/p>\n\n\n\n<h2 class=\"wp-block-heading\" id=\"wnd_TextBlock_596627_inner_2\">Artu\u0161 a jeho dru\u017eina &#8211; nyn\u00ed 30 registrovan\u00fdch \/ 20 voln\u00fdch<\/h2>\n\n\n\n<p><a href=\"https:\/\/docs.google.com\/forms\/d\/e\/1FAIpQLSdI8uALCePJy-EDKlvHRfFTfRVsDiIeWfxapnV6W_-yGvwgcg\/viewform\">https:\/\/docs.google.com\/forms\/d\/e\/1FAIpQLSdI8uALCePJy-EDKlvHRfFTfRVsDiIeWfxapnV6W_-yGvwgcg\/viewform<\/a><\/p>\n\n\n\n<h2 class=\"wp-block-heading\" id=\"wnd_TextBlock_596627_inner_4\">Kr\u00e1lovna Mab &#8211; nyn\u00ed 33 registrovan\u00fdch \/ 17 voln\u00fdch<\/h2>\n\n\n\n<p><a href=\"https:\/\/docs.google.com\/forms\/d\/e\/1FAIpQLSfgAXUTWbcH4QfypUSUwbOHwuB1XO16jpv9WYnzfqiZBSyijQ\/viewform\">https:\/\/docs.google.com\/forms\/d\/e\/1FAIpQLSfgAXUTWbcH4QfypUSUwbOHwuB1XO16jpv9WYnzfqiZBSyijQ\/viewform<\/a><\/p>\n\n\n\n<h2 class=\"wp-block-heading\">Harmonogram<\/h2>\n\n\n\n<p id=\"wnd_TextBlock_83702_inner_0\">9.00 registrace a schvalov\u00e1n\u00ed zbran\u00ed<\/p>\n\n\n\n<p id=\"wnd_TextBlock_83702_inner_1\">10.00 vysv\u011btlov\u00e1n\u00ed pravidel a odchod na m\u00edsto<\/p>\n\n\n\n<p id=\"wnd_TextBlock_83702_inner_2\">10.30 za\u010d\u00e1tek bitvy&nbsp;<\/p>\n\n\n\n<ol id=\"wnd_TextBlock_83702_inner_3\">\n<li>10.30 Br\u00e1na do jin\u00e9ho sv\u011bta&nbsp;<\/li>\n\n\n\n<li>11.30 Zmizel\u00e9 posily&nbsp;<\/li>\n\n\n\n<li>12.00 Esence magie&nbsp;<\/li>\n\n\n\n<li>12.40 Ob\u011bdov\u00e1 pauza<\/li>\n\n\n\n<li>13.00 Mo\u010d\u00e1ly mrtv\u00fdch<\/li>\n\n\n\n<li>14.00 Hrobky zatracen\u00fdch<\/li>\n\n\n\n<li>14.40 Kone\u010dn\u00e9 z\u00fa\u010dtov\u00e1n\u00ed&nbsp;<\/li>\n<\/ol>\n\n\n\n<p id=\"wnd_TextBlock_83702_inner_4\">15.30 konec bitvy<\/p>\n\n\n\n<p id=\"wnd_TextBlock_83702_inner_5\">(z vlastn\u00ed zku\u0161enosti v\u00edme \u017ee \u010das je ve sv\u011bt\u011b Artu\u0161e dost relativn\u00ed a po\u010d\u00edt\u00e1me \u017ee skute\u010dn\u00fd konec akce bude tak kolem 16.30 a\u017e 17.00. Pros\u00edm ale dbejte na za\u010d\u00e1tek registrace a na instrukce a\u0165 akce prob\u00edh\u00e1 plynule. P\u0159eci jen Slunce je neuprostn\u00e9 a brzy se stm\u00edv\u00e1 tak a\u0165 se nenah\u00e1n\u00edme po tm\u011b v lese)<\/p>\n\n\n\n<p><\/p>\n\n\n\n<h2 class=\"wp-block-heading\">Pravidla boje<\/h2>\n\n\n\n<p id=\"wnd_TextBlock_87919_inner_0\">Z\u00c1SAHOV\u00c9 PLOCHY &#8211; trup, h\u00fd\u017ed\u011b, ruce od ramene k z\u00e1p\u011bst\u00ed, nohy od ky\u010dle ke kotn\u00edk\u016fm<\/p>\n\n\n\n<p id=\"wnd_TextBlock_87919_inner_1\">ZAK\u00c1ZAN\u00c9 PLOCHY &#8211; hlava, krk a rozkrok<\/p>\n\n\n\n<p id=\"wnd_TextBlock_87919_inner_2\">Ka\u017ed\u00fd n\u00e1p\u0159ah mus\u00ed b\u00fdt z\u0159eteln\u00fd (\u017e\u00e1dn\u00e9 kydlen\u00ed), br\u017ed\u011bn\u00fd (\u017e\u00e1dn\u00e1 r\u00e1na nesm\u00ed dopadnout plnou silou), \u00fader toporem zbran\u011b nezp\u016fsobuje z\u00e1sah. \u00dader \u0161\u00edpem plat\u00ed pouze hlavic\u00ed (d\u0159\u00edkem ani letkou ne).<\/p>\n\n\n\n<p id=\"wnd_TextBlock_87919_inner_3\">P\u0159i boji se nesm\u00ed pou\u017e\u00edvat jak\u00e9koli formy fyzick\u00e9ho \u00fatoku, kopu, n\u00e1b\u011bhu, \u00fad\u011bru rukou ani hlavic\u00ed zbran\u011b, podkop\u00e1v\u00e1n\u00ed nohou, chyt\u00e1n\u00ed a dr\u017een\u00ed protivn\u00edka jeho zbran\u011b a \u0161t\u00edtu, p\u00e1ky, bodat, zatla\u010dovat protivn\u00edka do nebezpe\u010dn\u00e9ho ter\u00e9nu.<\/p>\n\n\n\n<p id=\"wnd_TextBlock_87919_inner_4\">Dbejte na sv\u00e9 zdrav\u00ed i zdrav\u00ed ostatn\u00edch hr\u00e1\u010d\u016f, v p\u0159\u00edpad\u011b nebezpe\u010d\u00ed upozorn\u011bte okol\u00ed a zastavte hru. V p\u0159\u00edpad\u011b jak\u00e9hokoli bolestiv\u00e9ho z\u00e1sahu m\u00e1te pr\u00e1vo skon\u010dit souboj a se zdvy\u017eenou zbran\u00ed poodej\u00edt.<\/p>\n\n\n\n<p id=\"wnd_TextBlock_87919_inner_5\">P\u0159i smrti (vy\u010derp\u00e1n\u00ed v\u0161ech sv\u00fdch \u017eivot\u016f) mus\u00edme zvednout zvou zbra\u0148 vodorovn\u011b nad hlavu a odej\u00edt na ur\u010dit\u00e9 m\u00edsto.<\/p>\n\n\n\n<p><\/p>\n\n\n\n<h2 class=\"wp-block-heading\">Pravidla pro zbran\u011b<\/h2>\n\n\n\n<p id=\"wnd_TextBlock_48405_inner_0\">V\u0161echny zbran\u011b i \u0161t\u00edty mus\u00ed proj\u00edt kontrolou, kter\u00e1 bude p\u0159ed bitvou. N\u00e1sledn\u011b m\u016f\u017eete pou\u017e\u00edvat pouze ty, kter\u00e9 byly schv\u00e1leny (budou vidit\u011bln\u011b ozna\u010deny). Organiz\u00e1to\u0159i maj\u00ed pr\u00e1vo b\u011bhem bitvy jakoukoli zbra\u0148 \u010di \u0161t\u00edt vyou\u010dit a zabavit (do konce akce) bez ud\u00e1n\u00ed d\u016fvodu. Pokud bude n\u011bkdo p\u0159isti\u017een p\u0159i pou\u017e\u00edv\u00e1n\u00ed neschv\u00e1len\u00e9 zbran\u011b, bude z akce vylou\u010den bez navr\u00e1cen\u00ed registra\u010dn\u00ed \u010d\u00e1stky.<\/p>\n\n\n\n<p id=\"wnd_TextBlock_48405_inner_1\">Zbran\u011b nesm\u00ed m\u00edt ostr\u00e9 hrany, mus\u00ed b\u00fdt funk\u010dn\u00ed a nevym\u00e1cen\u00e9, mus\u00ed vypadat jako zbra\u0148 (\u017e\u00e1dn\u00fd v\u00e1lec na ty\u010di nebo koule jako sekera). Hrany \u0161\u00edt\u016f nesm\u00ed b\u00fdt poni\u010den\u00e9 a o\u0161t\u00edpan\u00e9.<\/p>\n\n\n\n<h2 class=\"wp-block-heading\" id=\"wnd_TextBlock_48405_inner_2\">Rozm\u011bry povolen\u00fdch zbran\u00ed a \u0161t\u00edt\u016f a jejich kombinace<\/h2>\n\n\n\n<ul id=\"wnd_TextBlock_48405_inner_3\">\n<li>Jednoru\u010dn\u00ed zbra\u0148 =&gt; max. 90 cm<\/li>\n\n\n\n<li>Jedenap\u016flru\u010dn\u00ed me\u010d =&gt; max. 100 cm (lze pou\u017e\u00edvat i jednoru\u010d, nelze kombinovat se \u0161t\u00edtem)<\/li>\n\n\n\n<li>Obouru\u010dn\u00ed zbra\u0148 =&gt; max. 130 cm (p\u0159i boji se dr\u017e\u00ed celou dobu ob\u011bma rukama)<\/li>\n\n\n\n<li>\u0160t\u00edt =&gt; rozm\u011bry do 50\u00d760 cm nebo kruh v pr\u016fm\u011bru 60 cm<\/li>\n<\/ul>\n\n\n\n<p id=\"wnd_TextBlock_48405_inner_4\">Jednoru\u010dn\u00ed zbra\u0148 + \u0161t\u00edt<\/p>\n\n\n\n<p id=\"wnd_TextBlock_48405_inner_5\">Kombinace dvou zbran\u00ed o celkov\u00e9m sou\u010dtu d\u00e9lek max. 130 cm. \u017d\u00e1dn\u00e1 zbra\u0148 v kombinaci nesm\u00ed b\u00fdt del\u0161\u00ed ne\u017e 90 cm.<\/p>\n\n\n\n<p><\/p>\n\n\n\n<h2 class=\"wp-block-heading\">St\u0159eln\u00e9 zbran\u011b<\/h2>\n\n\n\n<p id=\"wnd_TextBlock_51706_inner_0\"><strong>Luk&nbsp;<\/strong>\u010di&nbsp;<strong>ku\u0161e&nbsp;<\/strong>s n\u00e1tahem do 150 N.<\/p>\n\n\n\n<p id=\"wnd_TextBlock_51706_inner_1\">\u0160\u00edpa a \u0161ipky<\/p>\n\n\n\n<ul id=\"wnd_TextBlock_51706_inner_2\">\n<li>Hlavice mus\u00ed b\u00fdt p\u0159ipevn\u011bna tak, aby se p\u0159i opakovan\u00e9m pou\u017e\u00edv\u00e1n\u00ed \u0161\u00edpu samovoln\u011b neuvol\u0148ovala \u010di nesklouz\u00e1vala.<\/li>\n\n\n\n<li>Na d\u0159\u00edku mus\u00ed b\u00fdt pevn\u00fd z\u00e1klad, kter\u00fd zabr\u00e1n\u00ed jeho probit\u00ed skrz hlaivici. Vhodn\u00fd je nap\u0159. nov\u00fd korkov\u00fd \u0161punt zalepen\u00fd ve v\u00ed\u010dku od petlahve, d\u00e1le tak\u00e9 bukov\u00e1 d\u0159ev\u011bn\u00e1 kulatina o minim\u00e1ln\u00edm pr\u016fm\u011bru v\u00ed\u010dka od petlahve, \u010di jin\u00e1 dob\u0159e funguj\u00edc\u00ed varianta. Toto pevn\u00e9 j\u00e1dro mus\u00ed b\u00fdt pot\u00e9 obaleno z boku a zep\u0159edu tak, aby vznikla m\u011bkk\u00e1 hlavice o pr\u016fm\u011bru alespo\u0148 5 cm, ide\u00e1ln\u00ed je kombinace EVA karimatky (cca 2 cm) a molitanu (cca 4 cm).&nbsp;<\/li>\n\n\n\n<li>Hlavice nesm\u00ed obsahovat \u017e\u00e1dn\u00fd ostr\u00fd \u010di kovov\u00fd p\u0159edm\u011bt!&nbsp;<\/li>\n\n\n\n<li>Minim\u00e1ln\u00ed po\u010det \u0161\u00edp\u016f se stanovuje na 12 na jednoho lu\u010di\u0161tn\u00edka. Komu nebude schv\u00e1leno alespo\u0148 dvan\u00e1ct \u0161\u00edp\u016f, tomu nebude schv\u00e1len ani luk.<\/li>\n<\/ul>\n","protected":false},"excerpt":{"rendered":"<p>Z D\u016eVODU N\u00c1HL\u00c9 NEFUNK\u010cNOSTI STR\u00c1NEK BITVY JSOU INFORMACE P\u0158ESUNUTY ZDE Artu\u0161 a Svat\u00fd gr\u00e1l je men\u0161\u00ed, jednodenn\u00ed fantasy bitva m\u00edrn\u00e9ho pochodov\u00e9ho charakteru. Akce je t\u00e9m\u011b\u0159 nen\u00e1ro\u010dn\u00e1, vhodn\u00e1 pro nov\u00e1\u010dky v d\u0159ev\u00e1rn\u00e1ch, a to po hern\u00ed, v\u011bkov\u00e9 i kost\u00fdmov\u00e9 str\u00e1nce. Budeme r\u00e1di, kdy\u017e se bitvy z\u00fa\u010dastn\u00ed nejen nov\u00e1\u010dci ale i pokro\u010dil\u00ed a zku\u0161en\u00ed hr\u00e1\u010di, kte\u0159\u00ed by<a class=\"rmore\" href=\"https:\/\/draciusvit.cz\/?page_id=1280\">&nbsp;&nbsp; Pokra\u010dovat &#8230;<\/a><\/p>\n","protected":false},"author":4,"featured_media":0,"parent":0,"menu_order":0,"comment_status":"closed","ping_status":"closed","template":"","meta":{"ngg_post_thumbnail":0},"_links":{"self":[{"href":"https:\/\/draciusvit.cz\/index.php?rest_route=\/wp\/v2\/pages\/1280"}],"collection":[{"href":"https:\/\/draciusvit.cz\/index.php?rest_route=\/wp\/v2\/pages"}],"about":[{"href":"https:\/\/draciusvit.cz\/index.php?rest_route=\/wp\/v2\/types\/page"}],"author":[{"embeddable":true,"href":"https:\/\/draciusvit.cz\/index.php?rest_route=\/wp\/v2\/users\/4"}],"replies":[{"embeddable":true,"href":"https:\/\/draciusvit.cz\/index.php?rest_route=%2Fwp%2Fv2%2Fcomments&post=1280"}],"version-history":[{"count":3,"href":"https:\/\/draciusvit.cz\/index.php?rest_route=\/wp\/v2\/pages\/1280\/revisions"}],"predecessor-version":[{"id":1304,"href":"https:\/\/draciusvit.cz\/index.php?rest_route=\/wp\/v2\/pages\/1280\/revisions\/1304"}],"wp:attachment":[{"href":"https:\/\/draciusvit.cz\/index.php?rest_route=%2Fwp%2Fv2%2Fmedia&parent=1280"}],"curies":[{"name":"wp","href":"https:\/\/api.w.org\/{rel}","templated":true}]}}